{"id":2153,"date":"2025-03-17T19:38:57","date_gmt":"2025-03-17T19:38:57","guid":{"rendered":"https:\/\/amgroup-egypt.com\/nos-installations\/"},"modified":"2025-04-09T11:37:23","modified_gmt":"2025-04-09T11:37:23","slug":"nos-installations","status":"publish","type":"page","link":"https:\/\/amgroup-egypt.com\/fr\/nos-installations\/","title":{"rendered":"Nos Installations"},"content":{"rendered":"\t\t<div data-elementor-type=\"wp-page\" data-elementor-id=\"2153\" class=\"elementor elementor-2153 elementor-824\" data-elementor-post-type=\"page\">\n\t\t\t\t<div class=\"elementor-element elementor-element-d12105b e-flex e-con-boxed e-con e-parent\" data-id=\"d12105b\" data-element_type=\"container\" data-settings=\"{&quot;background_background&quot;:&quot;slideshow&quot;,&quot;background_slideshow_gallery&quot;:[{&quot;id&quot;:1472,&quot;url&quot;:&quot;https:\\\/\\\/amgroup-egypt.com\\\/wp-content\\\/uploads\\\/2025\\\/03\\\/shutterstock_281773646-2000-1.jpg&quot;}],&quot;background_slideshow_slide_duration&quot;:3000,&quot;background_slideshow_loop&quot;:&quot;yes&quot;,&quot;background_slideshow_slide_transition&quot;:&quot;fade&quot;,&quot;background_slideshow_transition_duration&quot;:500}\">\n\t\t\t\t\t<div class=\"e-con-inner\">\n\t\t\t\t<div class=\"elementor-element elementor-element-0e4382d elementor-widget elementor-widget-heading\" data-id=\"0e4382d\" data-element_type=\"widget\" data-widget_type=\"heading.default\">\n\t\t\t\t\t<h2 class=\"elementor-heading-title elementor-size-default\">Nos Installations<\/h2>\t\t\t\t<\/div>\n\t\t\t\t\t<\/div>\n\t\t\t\t<\/div>\n\t\t<div class=\"elementor-element elementor-element-fd78bad e-flex e-con-boxed e-con e-parent\" data-id=\"fd78bad\" data-element_type=\"container\">\n\t\t\t\t\t<div class=\"e-con-inner\">\n\t\t\t\t<div class=\"elementor-element elementor-element-2b2d2a9 elementor-widget elementor-widget-heading\" data-id=\"2b2d2a9\" data-element_type=\"widget\" data-widget_type=\"heading.default\">\n\t\t\t\t\t<h2 class=\"elementor-heading-title elementor-size-default\">Un H\u00e9ritage d'Excellence dans la Distribution Alimentaire<\/h2>\t\t\t\t<\/div>\n\t\t\t\t<div class=\"elementor-element elementor-element-722c554 elementor-widget elementor-widget-text-editor\" data-id=\"722c554\" data-element_type=\"widget\" data-widget_type=\"text-editor.default\">\n\t\t\t\t\t\t\t\t\t<p>Fond\u00e9e en <strong data-start=\"123\" data-end=\"131\">1995<\/strong>, <strong data-start=\"133\" data-end=\"150\">AM Group Misr<\/strong> est devenue une entreprise de <strong data-start=\"176\" data-end=\"195\">commerce de premier plan<\/strong>, sp\u00e9cialis\u00e9e dans la <strong data-start=\"217\" data-end=\"256\">distribution de marques alimentaires haut de gamme<\/strong> sur le <strong data-start=\"268\" data-end=\"287\">march\u00e9 \u00e9gyptien<\/strong>. Forts de plusieurs d\u00e9cennies d&rsquo;exp\u00e9rience, nous avons b\u00e2ti une r\u00e9putation d&rsquo;excellence, de fiabilit\u00e9 et d&rsquo;une compr\u00e9hension approfondie des besoins des consommateurs. <\/p>\t\t\t\t\t\t\t\t<\/div>\n\t\t\t\t\t<\/div>\n\t\t\t\t<\/div>\n\t\t<div class=\"elementor-element elementor-element-c68c860 e-flex e-con-boxed e-con e-parent\" data-id=\"c68c860\" data-element_type=\"container\">\n\t\t\t\t\t<div class=\"e-con-inner\">\n\t\t<div class=\"elementor-element elementor-element-027ba56 e-con-full e-flex e-con e-child\" data-id=\"027ba56\" data-element_type=\"container\">\n\t\t\t\t<div class=\"elementor-element elementor-element-5602cf2 elementor-widget elementor-widget-heading\" data-id=\"5602cf2\" data-element_type=\"widget\" data-widget_type=\"heading.default\">\n\t\t\t\t\t<h2 class=\"elementor-heading-title elementor-size-default\">Agricole<\/h2>\t\t\t\t<\/div>\n\t\t\t\t<div class=\"elementor-element elementor-element-b1b338e elementor-widget elementor-widget-text-editor\" data-id=\"b1b338e\" data-element_type=\"widget\" data-widget_type=\"text-editor.default\">\n\t\t\t\t\t\t\t\t\t<p>Nous <b>poss\u00e9dons des fermes<\/b> et disposons d&rsquo;\u00e9quipes agricoles d\u00e9di\u00e9es. Cette saison, nous c<b>ultivons 1,000 tonnes de fraises et 2,000 tonnes de tomates<\/b> sur nos propres terres. <\/p><p>Le reste de la r\u00e9colte sera approvisionn\u00e9 par des <b>fermes lou\u00e9es<\/b>, o\u00f9 notre \u00e9quipe agricole supervise de pr\u00e8s les agriculteurs afin de garantir un contr\u00f4le <b>strict des pesticides<\/b>. Cette configuration est <b>temporaire<\/b> jusqu&rsquo;\u00e0 ce que nos <b>propres installations \u00e0 Sadat City<\/b> soient pleinement op\u00e9rationnelles, ce que nous pr\u00e9voyons d&rsquo;ici <b>2026<\/b>. <\/p>\t\t\t\t\t\t\t\t<\/div>\n\t\t\t\t<\/div>\n\t\t<div class=\"elementor-element elementor-element-d1b446c e-con-full e-flex e-con e-child\" data-id=\"d1b446c\" data-element_type=\"container\">\n\t\t\t\t<div class=\"elementor-element elementor-element-8bf07bd elementor-widget elementor-widget-image\" data-id=\"8bf07bd\" data-element_type=\"widget\" data-widget_type=\"image.default\">\n\t\t\t\t\t\t\t\t\t\t\t\t\t\t\t<img fetchpriority=\"high\" decoding=\"async\" width=\"800\" height=\"450\" src=\"https:\/\/amgroup-egypt.com\/wp-content\/uploads\/2025\/03\/agg.jpg\" class=\"attachment-large size-large wp-image-749\" alt=\"\" srcset=\"https:\/\/amgroup-egypt.com\/wp-content\/uploads\/2025\/03\/agg.jpg 853w, https:\/\/amgroup-egypt.com\/wp-content\/uploads\/2025\/03\/agg-300x169.jpg 300w, https:\/\/amgroup-egypt.com\/wp-content\/uploads\/2025\/03\/agg-768x432.jpg 768w\" sizes=\"(max-width: 800px) 100vw, 800px\" \/>\t\t\t\t\t\t\t\t\t\t\t\t\t\t\t<\/div>\n\t\t\t\t<\/div>\n\t\t\t\t\t<\/div>\n\t\t\t\t<\/div>\n\t\t<div class=\"elementor-element elementor-element-d314b3a e-flex e-con-boxed e-con e-parent\" data-id=\"d314b3a\" data-element_type=\"container\">\n\t\t\t\t\t<div class=\"e-con-inner\">\n\t\t<div class=\"elementor-element elementor-element-de202b7 e-con-full e-flex e-con e-child\" data-id=\"de202b7\" data-element_type=\"container\">\n\t\t\t\t<div class=\"elementor-element elementor-element-579642b elementor-widget elementor-widget-heading\" data-id=\"579642b\" data-element_type=\"widget\" data-widget_type=\"heading.default\">\n\t\t\t\t\t<h2 class=\"elementor-heading-title elementor-size-default\">Fabrication<\/h2>\t\t\t\t<\/div>\n\t\t\t\t<div class=\"elementor-element elementor-element-61ec29d elementor-widget elementor-widget-text-editor\" data-id=\"61ec29d\" data-element_type=\"widget\" data-widget_type=\"text-editor.default\">\n\t\t\t\t\t\t\t\t\t<p>Nous avons actuellement un accord de fabrication avec le groupe Faragalla \u00e0 Borg El Arab, nous donnant un acc\u00e8s complet \u00e0 cinq installations de production :<\/p>\t\t\t\t\t\t\t\t<\/div>\n\t\t\t\t<div class=\"elementor-element elementor-element-dda14c8 elementor-icon-list--layout-traditional elementor-list-item-link-full_width elementor-widget elementor-widget-icon-list\" data-id=\"dda14c8\" data-element_type=\"widget\" data-widget_type=\"icon-list.default\">\n\t\t\t\t\t\t\t<ul class=\"elementor-icon-list-items\">\n\t\t\t\t\t\t\t<li class=\"elementor-icon-list-item\">\n\t\t\t\t\t\t\t\t\t\t\t<span class=\"elementor-icon-list-icon\">\n\t\t\t\t\t\t\t<svg aria-hidden=\"true\" class=\"e-font-icon-svg e-fas-check\" viewBox=\"0 0 512 512\" xmlns=\"http:\/\/www.w3.org\/2000\/svg\"><path d=\"M173.898 439.404l-166.4-166.4c-9.997-9.997-9.997-26.206 0-36.204l36.203-36.204c9.997-9.998 26.207-9.998 36.204 0L192 312.69 432.095 72.596c9.997-9.997 26.207-9.997 36.204 0l36.203 36.204c9.997 9.997 9.997 26.206 0 36.204l-294.4 294.401c-9.998 9.997-26.207 9.997-36.204-.001z\"><\/path><\/svg>\t\t\t\t\t\t<\/span>\n\t\t\t\t\t\t\t\t\t\t<span class=\"elementor-icon-list-text\">Usine de surg\u00e9lation IQF<\/span>\n\t\t\t\t\t\t\t\t\t<\/li>\n\t\t\t\t\t\t\t\t<li class=\"elementor-icon-list-item\">\n\t\t\t\t\t\t\t\t\t\t\t<span class=\"elementor-icon-list-icon\">\n\t\t\t\t\t\t\t<svg aria-hidden=\"true\" class=\"e-font-icon-svg e-fas-check\" viewBox=\"0 0 512 512\" xmlns=\"http:\/\/www.w3.org\/2000\/svg\"><path d=\"M173.898 439.404l-166.4-166.4c-9.997-9.997-9.997-26.206 0-36.204l36.203-36.204c9.997-9.998 26.207-9.998 36.204 0L192 312.69 432.095 72.596c9.997-9.997 26.207-9.997 36.204 0l36.203 36.204c9.997 9.997 9.997 26.206 0 36.204l-294.4 294.401c-9.998 9.997-26.207 9.997-36.204-.001z\"><\/path><\/svg>\t\t\t\t\t\t<\/span>\n\t\t\t\t\t\t\t\t\t\t<span class=\"elementor-icon-list-text\"> Usine de concentr\u00e9s et NFC<\/span>\n\t\t\t\t\t\t\t\t\t<\/li>\n\t\t\t\t\t\t\t\t<li class=\"elementor-icon-list-item\">\n\t\t\t\t\t\t\t\t\t\t\t<span class=\"elementor-icon-list-icon\">\n\t\t\t\t\t\t\t<svg aria-hidden=\"true\" class=\"e-font-icon-svg e-fas-check\" viewBox=\"0 0 512 512\" xmlns=\"http:\/\/www.w3.org\/2000\/svg\"><path d=\"M173.898 439.404l-166.4-166.4c-9.997-9.997-9.997-26.206 0-36.204l36.203-36.204c9.997-9.998 26.207-9.998 36.204 0L192 312.69 432.095 72.596c9.997-9.997 26.207-9.997 36.204 0l36.203 36.204c9.997 9.997 9.997 26.206 0 36.204l-294.4 294.401c-9.998 9.997-26.207 9.997-36.204-.001z\"><\/path><\/svg>\t\t\t\t\t\t<\/span>\n\t\t\t\t\t\t\t\t\t\t<span class=\"elementor-icon-list-text\"> Usine de jus emball\u00e9s et confitures<\/span>\n\t\t\t\t\t\t\t\t\t<\/li>\n\t\t\t\t\t\t\t\t<li class=\"elementor-icon-list-item\">\n\t\t\t\t\t\t\t\t\t\t\t<span class=\"elementor-icon-list-icon\">\n\t\t\t\t\t\t\t<svg aria-hidden=\"true\" class=\"e-font-icon-svg e-fas-check\" viewBox=\"0 0 512 512\" xmlns=\"http:\/\/www.w3.org\/2000\/svg\"><path d=\"M173.898 439.404l-166.4-166.4c-9.997-9.997-9.997-26.206 0-36.204l36.203-36.204c9.997-9.998 26.207-9.998 36.204 0L192 312.69 432.095 72.596c9.997-9.997 26.207-9.997 36.204 0l36.203 36.204c9.997 9.997 9.997 26.206 0 36.204l-294.4 294.401c-9.998 9.997-26.207 9.997-36.204-.001z\"><\/path><\/svg>\t\t\t\t\t\t<\/span>\n\t\t\t\t\t\t\t\t\t\t<span class=\"elementor-icon-list-text\"> Usine de production de p\u00e2te de tomate et de sauces <\/span>\n\t\t\t\t\t\t\t\t\t<\/li>\n\t\t\t\t\t\t\t\t<li class=\"elementor-icon-list-item\">\n\t\t\t\t\t\t\t\t\t\t\t<span class=\"elementor-icon-list-icon\">\n\t\t\t\t\t\t\t<svg aria-hidden=\"true\" class=\"e-font-icon-svg e-fas-check\" viewBox=\"0 0 512 512\" xmlns=\"http:\/\/www.w3.org\/2000\/svg\"><path d=\"M173.898 439.404l-166.4-166.4c-9.997-9.997-9.997-26.206 0-36.204l36.203-36.204c9.997-9.998 26.207-9.998 36.204 0L192 312.69 432.095 72.596c9.997-9.997 26.207-9.997 36.204 0l36.203 36.204c9.997 9.997 9.997 26.206 0 36.204l-294.4 294.401c-9.998 9.997-26.207 9.997-36.204-.001z\"><\/path><\/svg>\t\t\t\t\t\t<\/span>\n\t\t\t\t\t\t\t\t\t\t<span class=\"elementor-icon-list-text\">Usine de l\u00e9gumes surgel\u00e9s et en conserve<\/span>\n\t\t\t\t\t\t\t\t\t<\/li>\n\t\t\t\t\t\t\t\t<li class=\"elementor-icon-list-item\">\n\t\t\t\t\t\t\t\t\t\t\t<span class=\"elementor-icon-list-icon\">\n\t\t\t\t\t\t\t<svg aria-hidden=\"true\" class=\"e-font-icon-svg e-fas-check\" viewBox=\"0 0 512 512\" xmlns=\"http:\/\/www.w3.org\/2000\/svg\"><path d=\"M173.898 439.404l-166.4-166.4c-9.997-9.997-9.997-26.206 0-36.204l36.203-36.204c9.997-9.998 26.207-9.998 36.204 0L192 312.69 432.095 72.596c9.997-9.997 26.207-9.997 36.204 0l36.203 36.204c9.997 9.997 9.997 26.206 0 36.204l-294.4 294.401c-9.998 9.997-26.207 9.997-36.204-.001z\"><\/path><\/svg>\t\t\t\t\t\t<\/span>\n\t\t\t\t\t\t\t\t\t\t<span class=\"elementor-icon-list-text\"> Usine de produits laitiers<\/span>\n\t\t\t\t\t\t\t\t\t<\/li>\n\t\t\t\t\t\t<\/ul>\n\t\t\t\t\t\t<\/div>\n\t\t\t\t<\/div>\n\t\t<div class=\"elementor-element elementor-element-90cefd4 e-con-full e-flex e-con e-child\" data-id=\"90cefd4\" data-element_type=\"container\">\n\t\t\t\t<div class=\"elementor-element elementor-element-c816f07 elementor-widget elementor-widget-image\" data-id=\"c816f07\" data-element_type=\"widget\" data-widget_type=\"image.default\">\n\t\t\t\t\t\t\t\t\t\t\t\t\t\t\t<img decoding=\"async\" width=\"720\" height=\"480\" src=\"https:\/\/amgroup-egypt.com\/wp-content\/uploads\/2025\/03\/worker-factory-white-suit-working-with-manufacture-machine-Small.jpg\" class=\"attachment-large size-large wp-image-44\" alt=\"\" srcset=\"https:\/\/amgroup-egypt.com\/wp-content\/uploads\/2025\/03\/worker-factory-white-suit-working-with-manufacture-machine-Small.jpg 720w, https:\/\/amgroup-egypt.com\/wp-content\/uploads\/2025\/03\/worker-factory-white-suit-working-with-manufacture-machine-Small-300x200.jpg 300w\" sizes=\"(max-width: 720px) 100vw, 720px\" \/>\t\t\t\t\t\t\t\t\t\t\t\t\t\t\t<\/div>\n\t\t\t\t<\/div>\n\t\t\t\t\t<\/div>\n\t\t\t\t<\/div>\n\t\t<div class=\"elementor-element elementor-element-0ca6300 e-flex e-con-boxed e-con e-parent\" data-id=\"0ca6300\" data-element_type=\"container\">\n\t\t\t\t\t<div class=\"e-con-inner\">\n\t\t<div class=\"elementor-element elementor-element-f8a18bf e-con-full e-flex e-con e-child\" data-id=\"f8a18bf\" data-element_type=\"container\">\n\t\t\t\t<div class=\"elementor-element elementor-element-ea1d5c3 elementor-widget elementor-widget-heading\" data-id=\"ea1d5c3\" data-element_type=\"widget\" data-widget_type=\"heading.default\">\n\t\t\t\t\t<h2 class=\"elementor-heading-title elementor-size-default\">Packaging<\/h2>\t\t\t\t<\/div>\n\t\t\t\t<div class=\"elementor-element elementor-element-13743a0 elementor-widget elementor-widget-text-editor\" data-id=\"13743a0\" data-element_type=\"widget\" data-widget_type=\"text-editor.default\">\n\t\t\t\t\t\t\t\t\t<p>Nous effectuons actuellement le co-packing de produits IQF dans l&rsquo;usine de Fathalla.<\/p>\t\t\t\t\t\t\t\t<\/div>\n\t\t\t\t<\/div>\n\t\t<div class=\"elementor-element elementor-element-04bdecb e-con-full e-flex e-con e-child\" data-id=\"04bdecb\" data-element_type=\"container\">\n\t\t\t\t<div class=\"elementor-element elementor-element-2ac5a6c elementor-widget elementor-widget-image\" data-id=\"2ac5a6c\" data-element_type=\"widget\" data-widget_type=\"image.default\">\n\t\t\t\t\t\t\t\t\t\t\t\t\t\t\t<img decoding=\"async\" width=\"800\" height=\"356\" src=\"https:\/\/amgroup-egypt.com\/wp-content\/uploads\/2025\/03\/canned-food-products-conveyor-belt-distribution-warehouse-Small.jpg\" class=\"attachment-large size-large wp-image-46\" alt=\"\" srcset=\"https:\/\/amgroup-egypt.com\/wp-content\/uploads\/2025\/03\/canned-food-products-conveyor-belt-distribution-warehouse-Small.jpg 854w, https:\/\/amgroup-egypt.com\/wp-content\/uploads\/2025\/03\/canned-food-products-conveyor-belt-distribution-warehouse-Small-300x133.jpg 300w, https:\/\/amgroup-egypt.com\/wp-content\/uploads\/2025\/03\/canned-food-products-conveyor-belt-distribution-warehouse-Small-768x342.jpg 768w\" sizes=\"(max-width: 800px) 100vw, 800px\" \/>\t\t\t\t\t\t\t\t\t\t\t\t\t\t\t<\/div>\n\t\t\t\t<\/div>\n\t\t\t\t\t<\/div>\n\t\t\t\t<\/div>\n\t\t\t\t<\/div>\n\t\t","protected":false},"excerpt":{"rendered":"<p>Un H\u00e9ritage d&rsquo;Excellence dans la Distribution Alimentaire Fond\u00e9e en 1995, AM Group Misr est devenue une entreprise de commerce de premier plan, sp\u00e9cialis\u00e9e dans la distribution de marques alimentaires haut de gamme sur le march\u00e9 \u00e9gyptien. Forts de plusieurs d\u00e9cennies d&rsquo;exp\u00e9rience, nous avons b\u00e2ti une r\u00e9putation d&rsquo;excellence, de fiabilit\u00e9 et d&rsquo;une compr\u00e9hension approfondie des besoins [&hellip;]<\/p>\n","protected":false},"author":1,"featured_media":0,"parent":0,"menu_order":0,"comment_status":"closed","ping_status":"closed","template":"elementor_header_footer","meta":{"_acf_changed":false,"footnotes":""},"class_list":["post-2153","page","type-page","status-publish","hentry"],"acf":[],"_links":{"self":[{"href":"https:\/\/amgroup-egypt.com\/fr\/wp-json\/wp\/v2\/pages\/2153","targetHints":{"allow":["GET"]}}],"collection":[{"href":"https:\/\/amgroup-egypt.com\/fr\/wp-json\/wp\/v2\/pages"}],"about":[{"href":"https:\/\/amgroup-egypt.com\/fr\/wp-json\/wp\/v2\/types\/page"}],"author":[{"embeddable":true,"href":"https:\/\/amgroup-egypt.com\/fr\/wp-json\/wp\/v2\/users\/1"}],"replies":[{"embeddable":true,"href":"https:\/\/amgroup-egypt.com\/fr\/wp-json\/wp\/v2\/comments?post=2153"}],"version-history":[{"count":1,"href":"https:\/\/amgroup-egypt.com\/fr\/wp-json\/wp\/v2\/pages\/2153\/revisions"}],"predecessor-version":[{"id":2154,"href":"https:\/\/amgroup-egypt.com\/fr\/wp-json\/wp\/v2\/pages\/2153\/revisions\/2154"}],"wp:attachment":[{"href":"https:\/\/amgroup-egypt.com\/fr\/wp-json\/wp\/v2\/media?parent=2153"}],"curies":[{"name":"wp","href":"https:\/\/api.w.org\/{rel}","templated":true}]}}