{"id":2148,"date":"2025-03-05T22:01:29","date_gmt":"2025-03-05T22:01:29","guid":{"rendered":"https:\/\/amgroup-egypt.com\/exportation\/"},"modified":"2025-04-22T11:34:27","modified_gmt":"2025-04-22T11:34:27","slug":"exportation","status":"publish","type":"page","link":"https:\/\/amgroup-egypt.com\/fr\/exportation\/","title":{"rendered":"Exportation"},"content":{"rendered":"\t\t<div data-elementor-type=\"wp-page\" data-elementor-id=\"2148\" class=\"elementor elementor-2148 elementor-111\" data-elementor-post-type=\"page\">\n\t\t\t\t<div class=\"elementor-element elementor-element-f389f14 e-flex e-con-boxed e-con e-parent\" data-id=\"f389f14\" data-element_type=\"container\" data-settings=\"{&quot;background_background&quot;:&quot;classic&quot;}\">\n\t\t\t\t\t<div class=\"e-con-inner\">\n\t\t\t\t<div class=\"elementor-element elementor-element-b50c4e1 elementor-widget elementor-widget-heading\" data-id=\"b50c4e1\" data-element_type=\"widget\" data-widget_type=\"heading.default\">\n\t\t\t\t\t<h2 class=\"elementor-heading-title elementor-size-default\">Exportation<\/h2>\t\t\t\t<\/div>\n\t\t\t\t\t<\/div>\n\t\t\t\t<\/div>\n\t\t<div class=\"elementor-element elementor-element-a5dddac e-flex e-con-boxed e-con e-parent\" data-id=\"a5dddac\" data-element_type=\"container\">\n\t\t\t\t\t<div class=\"e-con-inner\">\n\t\t\t\t<div class=\"elementor-element elementor-element-9482788 elementor-widget elementor-widget-heading\" data-id=\"9482788\" data-element_type=\"widget\" data-widget_type=\"heading.default\">\n\t\t\t\t\t<h2 class=\"elementor-heading-title elementor-size-default\">PROGRESSION INTERNATIONALE<\/h2>\t\t\t\t<\/div>\n\t\t\t\t<div class=\"elementor-element elementor-element-8115796 elementor-widget elementor-widget-text-editor\" data-id=\"8115796\" data-element_type=\"widget\" data-widget_type=\"text-editor.default\">\n\t\t\t\t\t\t\t\t\t<p>Notre port\u00e9e mondiale s&rsquo;\u00e9tend sur plus de 25 pays.<\/p>\t\t\t\t\t\t\t\t<\/div>\n\t\t\t\t\t<\/div>\n\t\t\t\t<\/div>\n\t\t<div class=\"elementor-element elementor-element-cc7c09a e-flex e-con-boxed e-con e-parent\" data-id=\"cc7c09a\" data-element_type=\"container\">\n\t\t\t\t\t<div class=\"e-con-inner\">\n\t\t\t\t<div class=\"elementor-element elementor-element-fb3f2d5 elementor-widget elementor-widget-image\" data-id=\"fb3f2d5\" data-element_type=\"widget\" data-widget_type=\"image.default\">\n\t\t\t\t\t\t\t\t\t\t\t\t\t\t\t<img decoding=\"async\" src=\"https:\/\/amgroup-egypt.com\/wp-content\/uploads\/2025\/03\/world.svg\" class=\"attachment-full size-full wp-image-2149\" alt=\"\" \/>\t\t\t\t\t\t\t\t\t\t\t\t\t\t\t<\/div>\n\t\t\t\t\t<\/div>\n\t\t\t\t<\/div>\n\t\t<div class=\"elementor-element elementor-element-7bdce9f e-flex e-con-boxed e-con e-parent\" data-id=\"7bdce9f\" data-element_type=\"container\">\n\t\t\t\t\t<div class=\"e-con-inner\">\n\t\t<div class=\"elementor-element elementor-element-d4fd9da e-con-full e-flex e-con e-child\" data-id=\"d4fd9da\" data-element_type=\"container\">\n\t\t\t\t<div class=\"elementor-element elementor-element-8d2e9e4 elementor-widget elementor-widget-text-editor\" data-id=\"8d2e9e4\" data-element_type=\"widget\" data-widget_type=\"text-editor.default\">\n\t\t\t\t\t\t\t\t\t<p>Avec l&rsquo;ouverture de notre nouveau bureau aux \u00c9tats-Unis, nous sommes fiers d&rsquo;avoir fourni plus de 100 conteneurs de conserves au gouvernement am\u00e9ricain, soutenant ainsi les \u00e9tablissements correctionnels \u00e0 travers le pays.<\/p>\t\t\t\t\t\t\t\t<\/div>\n\t\t\t\t<\/div>\n\t\t<div class=\"elementor-element elementor-element-7a3cce4 e-con-full e-flex e-con e-child\" data-id=\"7a3cce4\" data-element_type=\"container\">\n\t\t\t\t<div class=\"elementor-element elementor-element-3c820b9 elementor-widget elementor-widget-image\" data-id=\"3c820b9\" data-element_type=\"widget\" data-widget_type=\"image.default\">\n\t\t\t\t\t\t\t\t\t\t\t\t\t\t\t<img fetchpriority=\"high\" decoding=\"async\" width=\"800\" height=\"457\" src=\"https:\/\/amgroup-egypt.com\/wp-content\/uploads\/2025\/03\/125-1024x585.jpg\" class=\"attachment-large size-large wp-image-115\" alt=\"\" srcset=\"https:\/\/amgroup-egypt.com\/wp-content\/uploads\/2025\/03\/125-1024x585.jpg 1024w, https:\/\/amgroup-egypt.com\/wp-content\/uploads\/2025\/03\/125-300x171.jpg 300w, https:\/\/amgroup-egypt.com\/wp-content\/uploads\/2025\/03\/125-768x439.jpg 768w, https:\/\/amgroup-egypt.com\/wp-content\/uploads\/2025\/03\/125.jpg 1344w\" sizes=\"(max-width: 800px) 100vw, 800px\" \/>\t\t\t\t\t\t\t\t\t\t\t\t\t\t\t<\/div>\n\t\t\t\t<\/div>\n\t\t\t\t\t<\/div>\n\t\t\t\t<\/div>\n\t\t<div class=\"elementor-element elementor-element-8f2b235 e-flex e-con-boxed e-con e-parent\" data-id=\"8f2b235\" data-element_type=\"container\">\n\t\t\t\t\t<div class=\"e-con-inner\">\n\t\t<div class=\"elementor-element elementor-element-d5c5c68 e-con-full e-flex e-con e-child\" data-id=\"d5c5c68\" data-element_type=\"container\">\n\t\t\t\t<div class=\"elementor-element elementor-element-1a46808 elementor-widget elementor-widget-text-editor\" data-id=\"1a46808\" data-element_type=\"widget\" data-widget_type=\"text-editor.default\">\n\t\t\t\t\t\t\t\t\t<p>Notre port\u00e9e mondiale s&rsquo;\u00e9tend sur plus de <b>25 pays<\/b>, y compris des <b>nations d&rsquo;Am\u00e9rique du Nord<\/b> comme les <b>\u00c9tats-Unis<\/b>, <b>le Panama<\/b> et <b>Cuba<\/b> ; des pays <b>d&rsquo;Am\u00e9rique du Sud<\/b> tels que le <b>Br\u00e9sil<\/b> et <b>le P\u00e9rou<\/b> ; ainsi que plus de 10 march\u00e9s europ\u00e9ens, dont l&rsquo;<b>Allemagne<\/b>, <b>la France<\/b>, <b>la Pologne<\/b>, <b>la Roumanie<\/b>, <b>la Bulgari<\/b>e, <b>l&rsquo;Espagne<\/b>, <b>la Gr\u00e8ce<\/b>,<b> l&rsquo;Italie<\/b>,<b> les Pays-Bas<\/b> et <b>la Belgique<\/b>.              <\/p>\t\t\t\t\t\t\t\t<\/div>\n\t\t\t\t<\/div>\n\t\t<div class=\"elementor-element elementor-element-33e2e1f e-con-full e-flex e-con e-child\" data-id=\"33e2e1f\" data-element_type=\"container\">\n\t\t\t\t<div class=\"elementor-element elementor-element-18d0486 elementor-widget elementor-widget-image\" data-id=\"18d0486\" data-element_type=\"widget\" data-widget_type=\"image.default\">\n\t\t\t\t\t\t\t\t\t\t\t\t\t\t\t<img decoding=\"async\" width=\"800\" height=\"532\" src=\"https:\/\/amgroup-egypt.com\/wp-content\/uploads\/2025\/03\/155-1024x681.jpg\" class=\"attachment-large size-large wp-image-116\" alt=\"\" srcset=\"https:\/\/amgroup-egypt.com\/wp-content\/uploads\/2025\/03\/155-1024x681.jpg 1024w, https:\/\/amgroup-egypt.com\/wp-content\/uploads\/2025\/03\/155-300x200.jpg 300w, https:\/\/amgroup-egypt.com\/wp-content\/uploads\/2025\/03\/155-768x511.jpg 768w, https:\/\/amgroup-egypt.com\/wp-content\/uploads\/2025\/03\/155.jpg 1500w\" sizes=\"(max-width: 800px) 100vw, 800px\" \/>\t\t\t\t\t\t\t\t\t\t\t\t\t\t\t<\/div>\n\t\t\t\t<\/div>\n\t\t\t\t\t<\/div>\n\t\t\t\t<\/div>\n\t\t<div class=\"elementor-element elementor-element-7505eb3 e-flex e-con-boxed e-con e-parent\" data-id=\"7505eb3\" data-element_type=\"container\">\n\t\t\t\t\t<div class=\"e-con-inner\">\n\t\t<div class=\"elementor-element elementor-element-187610a e-con-full e-flex e-con e-child\" data-id=\"187610a\" data-element_type=\"container\">\n\t\t\t\t<div class=\"elementor-element elementor-element-aed7658 elementor-widget elementor-widget-text-editor\" data-id=\"aed7658\" data-element_type=\"widget\" data-widget_type=\"text-editor.default\">\n\t\t\t\t\t\t\t\t\t<p><b>Notre r\u00e9seau s&rsquo;\u00e9tend \u00e9galement \u00e0 plus de 10 pays en Asie et en Afrique<\/b>, soulignant ainsi notre engagement envers un service et un approvisionnement \u00e0 l&rsquo;\u00e9chelle mondiale.<\/p>\t\t\t\t\t\t\t\t<\/div>\n\t\t\t\t<\/div>\n\t\t<div class=\"elementor-element elementor-element-8d96667 e-con-full e-flex e-con e-child\" data-id=\"8d96667\" data-element_type=\"container\">\n\t\t\t\t<div class=\"elementor-element elementor-element-64aaa28 elementor-widget elementor-widget-image\" data-id=\"64aaa28\" data-element_type=\"widget\" data-widget_type=\"image.default\">\n\t\t\t\t\t\t\t\t\t\t\t\t\t\t\t<img decoding=\"async\" width=\"720\" height=\"480\" src=\"https:\/\/amgroup-egypt.com\/wp-content\/uploads\/2025\/03\/export-Small.jpg\" class=\"attachment-large size-large wp-image-2151\" alt=\"\" srcset=\"https:\/\/amgroup-egypt.com\/wp-content\/uploads\/2025\/03\/export-Small.jpg 720w, https:\/\/amgroup-egypt.com\/wp-content\/uploads\/2025\/03\/export-Small-300x200.jpg 300w\" sizes=\"(max-width: 720px) 100vw, 720px\" \/>\t\t\t\t\t\t\t\t\t\t\t\t\t\t\t<\/div>\n\t\t\t\t<\/div>\n\t\t\t\t\t<\/div>\n\t\t\t\t<\/div>\n\t\t\t\t<\/div>\n\t\t","protected":false},"excerpt":{"rendered":"<p>PROGRESSION INTERNATIONALE Notre port\u00e9e mondiale s&rsquo;\u00e9tend sur plus de 25 pays. Avec l&rsquo;ouverture de notre nouveau bureau aux \u00c9tats-Unis, nous sommes fiers d&rsquo;avoir fourni plus de 100 conteneurs de conserves au gouvernement am\u00e9ricain, soutenant ainsi les \u00e9tablissements correctionnels \u00e0 travers le pays. Notre port\u00e9e mondiale s&rsquo;\u00e9tend sur plus de 25 pays, y compris des nations [&hellip;]<\/p>\n","protected":false},"author":1,"featured_media":0,"parent":0,"menu_order":0,"comment_status":"closed","ping_status":"closed","template":"elementor_header_footer","meta":{"_acf_changed":false,"footnotes":""},"class_list":["post-2148","page","type-page","status-publish","hentry"],"acf":[],"_links":{"self":[{"href":"https:\/\/amgroup-egypt.com\/fr\/wp-json\/wp\/v2\/pages\/2148","targetHints":{"allow":["GET"]}}],"collection":[{"href":"https:\/\/amgroup-egypt.com\/fr\/wp-json\/wp\/v2\/pages"}],"about":[{"href":"https:\/\/amgroup-egypt.com\/fr\/wp-json\/wp\/v2\/types\/page"}],"author":[{"embeddable":true,"href":"https:\/\/amgroup-egypt.com\/fr\/wp-json\/wp\/v2\/users\/1"}],"replies":[{"embeddable":true,"href":"https:\/\/amgroup-egypt.com\/fr\/wp-json\/wp\/v2\/comments?post=2148"}],"version-history":[{"count":3,"href":"https:\/\/amgroup-egypt.com\/fr\/wp-json\/wp\/v2\/pages\/2148\/revisions"}],"predecessor-version":[{"id":2667,"href":"https:\/\/amgroup-egypt.com\/fr\/wp-json\/wp\/v2\/pages\/2148\/revisions\/2667"}],"wp:attachment":[{"href":"https:\/\/amgroup-egypt.com\/fr\/wp-json\/wp\/v2\/media?parent=2148"}],"curies":[{"name":"wp","href":"https:\/\/api.w.org\/{rel}","templated":true}]}}